{"id":4009,"date":"2022-11-15T07:46:12","date_gmt":"2022-11-15T07:46:12","guid":{"rendered":"https:\/\/berghotel-rasis.at\/holidays-in-galtuer\/"},"modified":"2026-04-13T12:55:50","modified_gmt":"2026-04-13T12:55:50","slug":"holidays-in-galtuer","status":"publish","type":"page","link":"https:\/\/berghotel-rasis.at\/en\/holidays-in-galtuer\/","title":{"rendered":"Holidays in Galt\u00fcr"},"content":{"rendered":"\t\t<div data-elementor-type=\"wp-page\" data-elementor-id=\"4009\" class=\"elementor elementor-4009 elementor-20\" data-elementor-post-type=\"page\">\n\t\t\t\t\t\t<section class=\"elementor-section elementor-top-section elementor-element elementor-element-5fc2bca2 elementor-section-full_width elementor-section-height-min-height hero elementor-section-height-default elementor-section-items-middle\" data-id=\"5fc2bca2\" data-element_type=\"section\" data-e-type=\"section\" data-settings=\"{&quot;background_background&quot;:&quot;classic&quot;}\">\n\t\t\t\t\t\t<div class=\"elementor-container elementor-column-gap-default\">\n\t\t\t\t\t<div class=\"elementor-column elementor-col-100 elementor-top-column elementor-element elementor-element-4451f9a0\" data-id=\"4451f9a0\" data-element_type=\"column\" data-e-type=\"column\">\n\t\t\t<div class=\"elementor-widget-wrap\">\n\t\t\t\t\t\t\t<\/div>\n\t\t<\/div>\n\t\t\t\t\t<\/div>\n\t\t<\/section>\n\t\t\t\t<section class=\"elementor-section elementor-top-section elementor-element elementor-element-2654ebca text-center elementor-section-boxed elementor-section-height-default elementor-section-height-default\" data-id=\"2654ebca\" data-element_type=\"section\" data-e-type=\"section\">\n\t\t\t\t\t\t<div class=\"elementor-container elementor-column-gap-default\">\n\t\t\t\t\t<div class=\"elementor-column elementor-col-100 elementor-top-column elementor-element elementor-element-6b0f2aac\" data-id=\"6b0f2aac\" data-element_type=\"column\" data-e-type=\"column\">\n\t\t\t<div class=\"elementor-widget-wrap elementor-element-populated\">\n\t\t\t\t\t\t<div class=\"elementor-element elementor-element-fcde190 elementor-widget elementor-widget-heading\" data-id=\"fcde190\" data-element_type=\"widget\" data-e-type=\"widget\" data-widget_type=\"heading.default\">\n\t\t\t\t<div class=\"elementor-widget-container\">\n\t\t\t\t\t<h2 class=\"elementor-heading-title elementor-size-default\">Holidays in the Paznaun<\/h2>\t\t\t\t<\/div>\n\t\t\t\t<\/div>\n\t\t\t\t<div class=\"elementor-element elementor-element-5117cea6 decr-top elementor-widget elementor-widget-heading\" data-id=\"5117cea6\" data-element_type=\"widget\" data-e-type=\"widget\" data-widget_type=\"heading.default\">\n\t\t\t\t<div class=\"elementor-widget-container\">\n\t\t\t\t\t<h1 class=\"elementor-heading-title elementor-size-default\">Holidays in Galt\u00fcr <\/h1>\t\t\t\t<\/div>\n\t\t\t\t<\/div>\n\t\t\t\t<div class=\"elementor-element elementor-element-39485c94 elementor-widget elementor-widget-text-editor\" data-id=\"39485c94\" data-element_type=\"widget\" data-e-type=\"widget\" data-widget_type=\"text-editor.default\">\n\t\t\t\t<div class=\"elementor-widget-container\">\n\t\t\t\t\t\t\t\t\t<p>The Paznaun is an incomparable piece of mountainous country. The powerful landscape and the <strong>untouched nature<\/strong> let you experience unforgettable moments of happiness. Even off the slopes and traditional hiking paths there is a lot to experience in our region.<br \/>Particularly <strong>allergy sufferers<\/strong> can look forward to soothing, low-pollen mountain air in summer and winter. Galt\u00fcr is <strong>Tyrol&#8217;s first climatic health resort<\/strong> and has also been awarded the ECARF Seal of Quality, which certifies particularly recommendable, allergy-friendly products and services.<\/p>\n\t\t\t\t\t\t\t\t<\/div>\n\t\t\t\t<\/div>\n\t\t\t\t\t<\/div>\n\t\t<\/div>\n\t\t\t\t\t<\/div>\n\t\t<\/section>\n\t\t\t\t<section class=\"elementor-section elementor-top-section elementor-element elementor-element-00a8aac elementor-section-boxed elementor-section-height-default elementor-section-height-default\" data-id=\"00a8aac\" data-element_type=\"section\" data-e-type=\"section\">\n\t\t\t\t\t\t<div class=\"elementor-container elementor-column-gap-default\">\n\t\t\t\t\t<div class=\"elementor-column elementor-col-100 elementor-top-column elementor-element elementor-element-6af2f94\" data-id=\"6af2f94\" data-element_type=\"column\" data-e-type=\"column\">\n\t\t\t<div class=\"elementor-widget-wrap elementor-element-populated\">\n\t\t\t\t\t\t<div class=\"elementor-element elementor-element-d0a3826 elementor-widget elementor-widget-ucaddon_content_box_background_switcher\" data-id=\"d0a3826\" data-element_type=\"widget\" data-e-type=\"widget\" data-widget_type=\"ucaddon_content_box_background_switcher.default\">\n\t\t\t\t<div class=\"elementor-widget-container\">\n\t\t\t\t\t\n<!-- start Background Switcher -->\n<style>\/* widget: Background Switcher *\/\n\n#uc_content_box_background_switcher_elementor_d0a3826 *{\n\t-webkit-box-sizing: border-box;\n\t-moz-box-sizing: border-box;\n\tbox-sizing: border-box;\n}\n\n\n#uc_content_box_background_switcher_elementor_d0a3826 .ue-item-overlay\n{\n  position:absolute;\n  top:0;\n  left:0;\n  right:0;\n  bottom:0;\n  transition:0.3s;\n}\n\n\n#uc_content_box_background_switcher_elementor_d0a3826 .uc_hover_switcher_row{\n\tposition: relative;\n\twidth: 100%;\n\toverflow: hidden;\n\tdisplay: flex;\n    background: #000000;\n    direction:ltr;\n}\n#uc_content_box_background_switcher_elementor_d0a3826 .uc_hover_switcher_col{\n\tposition: relative;\n\tz-index: 2;\n    \n    \n          border-right-color:rgba(255, 255, 255, 0.4);\n      border-right-width:1px;\n      border-right-style:solid;\n        \t\n    flex:1;\n    overflow: hidden;\n}\n\n#uc_content_box_background_switcher_elementor_d0a3826 .uc_hover_switcher_content{\n\tdisplay: flex;\n\theight: 100%;\n\tflex-direction: column;\n\tjustify-content: flex-end;\n\tcolor: #fff;\n    text-align:left;\n    position:relative;\n}\n #uc_content_box_background_switcher_elementor_d0a3826 .uc_hover_switcher_title{\n\t\n\ttransition: 300ms;\n\n}\n\n.uc_hover_switcher_title\n{\n  font-size: 21px;\n}\n\n#uc_content_box_background_switcher_elementor_d0a3826 .uc_hover_switcher_link{\n\toverflow: hidden;\n\ttransform-origin: bottom;\n\ttransition: 300ms;\n    max-height: 0px;\n  \n}\n#uc_content_box_background_switcher_elementor_d0a3826 .uc_hover_switcher_col:hover .uc_hover_switcher_link{\n    max-height: 500px;\n\toverflow: visible;\n}\n\n#uc_content_box_background_switcher_elementor_d0a3826[data-remoteid] .uc_hover_switcher_col.uc_hover .uc_hover_switcher_link,\n#uc_content_box_background_switcher_elementor_d0a3826[data-sync] .uc_hover_switcher_col.uc_hover .uc_hover_switcher_link{\n \tmax-height: 500px;\n\toverflow: visible;\n}\n\n#uc_content_box_background_switcher_elementor_d0a3826 .uc_hover_switcher_desc{\n\t\n}\n#uc_content_box_background_switcher_elementor_d0a3826 .uc_button{\n\t\n\tdisplay: inline-block;\n\ttext-decoration: none;\n    text-align:center;\n    \n}\n\n#uc_content_box_background_switcher_elementor_d0a3826 .uc_background_img img {\n    width: 100% !important;\n    height: 100% !important;\n    object-fit: cover;\n}\n#uc_content_box_background_switcher_elementor_d0a3826 .uc_hover_switcher_overlay{\t\n\tposition: absolute;\n\ttop: 0;\n\tleft: 0;\n\theight: 100%;\n\twidth: 100%;\n\tz-index: 0;\n\toverflow: hidden;\n}\n#uc_content_box_background_switcher_elementor_d0a3826 .uc_hover_switcher_overlay{\n\tz-index: 1;\n}\n\n#uc_content_box_background_switcher_elementor_d0a3826 .uc_background_img{\n\tposition: absolute;\n  \n\ttop: 0;\n          left: 0;\n        \t\n\t\n\theight: 100%;\n\twidth: 100%;\n\tz-index: 0;\n\toverflow: hidden;\n\tvisibility: hidden;\n\topacity: 0;\n}\n\n\n\n\n\n#uc_content_box_background_switcher_elementor_d0a3826 .uc_hover_switcher_col.uc_hover + .uc_background_img{\n\ttransition-duration: 300ms;\n\topacity: 1;\n\tmargin: 0;\n\tvisibility: visible;\n\ttransform: scale(1.05);\n}\n#uc_content_box_background_switcher_elementor_d0a3826 .uc_background_img:first-child {\n\ttransition-duration: 300ms;\n\topacity: 1;\n\tmargin: 0;\n\tvisibility: visible;\n\ttransform: scale(1.05);\n}\n#uc_content_box_background_switcher_elementor_d0a3826 .uc_hover_switcher_col:last-of-type{\n  \n        border-right: 0px;\n      \n  \t\n}\n\n@media screen and (max-width: 768px) {\n  \n  #uc_content_box_background_switcher_elementor_d0a3826 .uc_hover_switcher_row{\n\n\tdisplay: flex;\n  }\n}\n\n\n\n\n@media screen and (max-width: 768px) {\n\t#uc_content_box_background_switcher_elementor_d0a3826.uc_list_image_background_hover_switcher .uc_hover_switcher_col{ \n     \n        flex:1 0 250px\n    }\n  \n\n  \n  \t#uc_content_box_background_switcher_elementor_d0a3826.uc_list_image_background_hover_switcher .uc_hover_switcher_row{ overflow-x: auto;}\t\n  \t#uc_content_box_background_switcher_elementor_d0a3826.uc_list_image_background_hover_switcher .uc_background_img {\n    \twidth: calc(250px * 3) !important;\n    }\n  \n  \n}\n\n\n\n#uc_content_box_background_switcher_elementor_d0a3826_item1\n{\n  object-position:center center;\n}\n\n\n\n#uc_content_box_background_switcher_elementor_d0a3826_item2\n{\n  object-position:center center;\n}\n\n\n\n#uc_content_box_background_switcher_elementor_d0a3826_item3\n{\n  object-position:center center;\n}\n\n\n\n\n\n<\/style>\n\n<div class=\"uc_list_image_background_hover_switcher \" id=\"uc_content_box_background_switcher_elementor_d0a3826\" >\n\t<div class=\"uc_hover_switcher_row\">\n\t\t<div class=\"uc_hover_switcher_col\" id=\"uc_content_box_background_switcher_elementor_d0a3826_item1\">\n  <div class=\"ue-item-overlay\"><\/div>\n  <div class=\"uc_hover_switcher_content\">\n    <div class=\"uc_hover_switcher_title title_space\"><\/div>    <div class=\"uc_hover_switcher_link\">\n      <div class=\"uc_hover_switcher_desc\"><\/div>      <a class=\"uc_button uc_more_btn\" href=\"https:\/\/berghotel-rasis.at\/en\/holidays-in-galtuer\/summer\/\" >Summer holidays<\/a>    <\/div>\n  <\/div>\n<\/div>\n\n<figure class=\"uc_background_img\">\n  <div class=\"uc_hover_switcher_overlay\"><\/div>\n  <img decoding=\"async\" src=\"https:\/\/berghotel-rasis.at\/wp-content\/uploads\/2022\/11\/Berhotel-Rasis-Galtuer-Ischgl-Sommer-Hero-2.jpg\" alt=\"Berhotel Rasis Galtuer Ischgl Sommer Hero 2\" id=\"uc_content_box_background_switcher_elementor_d0a3826_item1\">\n<\/figure>\n<div class=\"uc_hover_switcher_col\" id=\"uc_content_box_background_switcher_elementor_d0a3826_item2\">\n  <div class=\"ue-item-overlay\"><\/div>\n  <div class=\"uc_hover_switcher_content\">\n    <div class=\"uc_hover_switcher_title title_space\"><\/div>    <div class=\"uc_hover_switcher_link\">\n      <div class=\"uc_hover_switcher_desc\"><\/div>      <a class=\"uc_button uc_more_btn\" href=\"https:\/\/berghotel-rasis.at\/en\/holidays-in-galtuer\/winter\/\" >Winter holidays<\/a>    <\/div>\n  <\/div>\n<\/div>\n\n<figure class=\"uc_background_img\">\n  <div class=\"uc_hover_switcher_overlay\"><\/div>\n  <img decoding=\"async\" src=\"https:\/\/berghotel-rasis.at\/wp-content\/uploads\/2022\/11\/Berghotel-Rasis-Galtuer-Urlaub-Hero.jpg\" alt=\"Berghotel Rasis Galtuer Urlaub Hero\" id=\"uc_content_box_background_switcher_elementor_d0a3826_item2\">\n<\/figure>\n<div class=\"uc_hover_switcher_col\" id=\"uc_content_box_background_switcher_elementor_d0a3826_item3\">\n  <div class=\"ue-item-overlay\"><\/div>\n  <div class=\"uc_hover_switcher_content\">\n    <div class=\"uc_hover_switcher_title title_space\"><\/div>    <div class=\"uc_hover_switcher_link\">\n      <div class=\"uc_hover_switcher_desc\"><\/div>      <a class=\"uc_button uc_more_btn\" href=\"https:\/\/berghotel-rasis.at\/en\/holidays-in-galtuer\/culture-and-more\/\" >Experiences & Culture<\/a>    <\/div>\n  <\/div>\n<\/div>\n\n<figure class=\"uc_background_img\">\n  <div class=\"uc_hover_switcher_overlay\"><\/div>\n  <img decoding=\"async\" src=\"https:\/\/berghotel-rasis.at\/wp-content\/uploads\/2022\/11\/Sport-Genusshotel-Silvretta-Ischgl-Fruehling-3.jpg\" alt=\"Sport Genusshotel Silvretta Ischgl Fruehling 3\" id=\"uc_content_box_background_switcher_elementor_d0a3826_item3\">\n<\/figure>\n\n\t<\/div>\n\t<div class=\"uc_hover_remote_container\">\n  \t\t<div class=\"uc_hover_remote_item\">\n  <div class=\"uc_hover_remote_segment\"><\/div>\n<\/div>\n<div class=\"uc_hover_remote_item\">\n  <div class=\"uc_hover_remote_segment\"><\/div>\n<\/div>\n<div class=\"uc_hover_remote_item\">\n  <div class=\"uc_hover_remote_segment\"><\/div>\n<\/div>\n\n  \t<\/div>\n<\/div>\n<!-- end Background Switcher -->\t\t\t\t<\/div>\n\t\t\t\t<\/div>\n\t\t\t\t\t<\/div>\n\t\t<\/div>\n\t\t\t\t\t<\/div>\n\t\t<\/section>\n\t\t\t\t<\/div>\n\t\t","protected":false},"excerpt":{"rendered":"<p>Holidays in the Paznaun Holidays in Galt\u00fcr The Paznaun is an incomparable piece of mountainous country. The powerful landscape and the untouched nature let you experience unforgettable moments of happiness. Even off the slopes and traditional hiking paths there is a lot to experience in our region.Particularly allergy sufferers can look forward to soothing, low-pollen [&hellip;]<\/p>\n","protected":false},"author":1,"featured_media":0,"parent":0,"menu_order":3,"comment_status":"closed","ping_status":"closed","template":"","meta":{"_acf_changed":false,"footnotes":""},"class_list":["post-4009","page","type-page","status-publish","hentry"],"acf":[],"yoast_head":"<!-- This site is optimized with the Yoast SEO plugin v27.4 - https:\/\/yoast.com\/product\/yoast-seo-wordpress\/ -->\n<title>Berghotel Rasis | Galt\u00fcr, Paznauntal, Tyrol | Your vacation resort<\/title>\n<meta name=\"description\" content=\"Vacation in the climatic health resort Galt\u00fcr in the Paznaun valley near Ischgl. Hiking, skiing, nature &amp; culture. Apr\u00e8s ski or total tranquility - everything is possible.\" \/>\n<meta name=\"robots\" content=\"index, follow, max-snippet:-1, max-image-preview:large, max-video-preview:-1\" \/>\n<link rel=\"canonical\" href=\"https:\/\/berghotel-rasis.at\/en\/holidays-in-galtuer\/\" \/>\n<meta property=\"og:locale\" content=\"en_US\" \/>\n<meta property=\"og:type\" content=\"article\" \/>\n<meta property=\"og:title\" content=\"Berghotel Rasis | Galt\u00fcr, Paznauntal, Tyrol | Your vacation resort\" \/>\n<meta property=\"og:description\" content=\"Vacation in the climatic health resort Galt\u00fcr in the Paznaun valley near Ischgl. Hiking, skiing, nature &amp; culture. Apr\u00e8s ski or total tranquility - everything is possible.\" \/>\n<meta property=\"og:url\" content=\"https:\/\/berghotel-rasis.at\/en\/holidays-in-galtuer\/\" \/>\n<meta property=\"og:site_name\" content=\"Berghotel Rasis\" \/>\n<meta property=\"article:modified_time\" content=\"2026-04-13T12:55:50+00:00\" \/>\n<meta property=\"og:image\" content=\"https:\/\/berghotel-rasis.at\/wp-content\/uploads\/2022\/11\/Berhotel-Rasis-Galtuer-Ischgl-Sommer-Hero-2.jpg\" \/>\n<meta name=\"twitter:card\" content=\"summary_large_image\" \/>\n<script type=\"application\/ld+json\" class=\"yoast-schema-graph\">{\"@context\":\"https:\\\/\\\/schema.org\",\"@graph\":[{\"@type\":\"WebPage\",\"@id\":\"https:\\\/\\\/berghotel-rasis.at\\\/en\\\/holidays-in-galtuer\\\/\",\"url\":\"https:\\\/\\\/berghotel-rasis.at\\\/en\\\/holidays-in-galtuer\\\/\",\"name\":\"Berghotel Rasis | Galt\u00fcr, Paznauntal, Tyrol | Your vacation resort\",\"isPartOf\":{\"@id\":\"https:\\\/\\\/berghotel-rasis.at\\\/en\\\/#website\"},\"primaryImageOfPage\":{\"@id\":\"https:\\\/\\\/berghotel-rasis.at\\\/en\\\/holidays-in-galtuer\\\/#primaryimage\"},\"image\":{\"@id\":\"https:\\\/\\\/berghotel-rasis.at\\\/en\\\/holidays-in-galtuer\\\/#primaryimage\"},\"thumbnailUrl\":\"https:\\\/\\\/berghotel-rasis.at\\\/wp-content\\\/uploads\\\/2022\\\/11\\\/Berhotel-Rasis-Galtuer-Ischgl-Sommer-Hero-2.jpg\",\"datePublished\":\"2022-11-15T07:46:12+00:00\",\"dateModified\":\"2026-04-13T12:55:50+00:00\",\"description\":\"Vacation in the climatic health resort Galt\u00fcr in the Paznaun valley near Ischgl. Hiking, skiing, nature & culture. Apr\u00e8s ski or total tranquility - everything is possible.\",\"breadcrumb\":{\"@id\":\"https:\\\/\\\/berghotel-rasis.at\\\/en\\\/holidays-in-galtuer\\\/#breadcrumb\"},\"inLanguage\":\"en-US\",\"potentialAction\":[{\"@type\":\"ReadAction\",\"target\":[\"https:\\\/\\\/berghotel-rasis.at\\\/en\\\/holidays-in-galtuer\\\/\"]}]},{\"@type\":\"ImageObject\",\"inLanguage\":\"en-US\",\"@id\":\"https:\\\/\\\/berghotel-rasis.at\\\/en\\\/holidays-in-galtuer\\\/#primaryimage\",\"url\":\"https:\\\/\\\/berghotel-rasis.at\\\/wp-content\\\/uploads\\\/2022\\\/11\\\/Berhotel-Rasis-Galtuer-Ischgl-Sommer-Hero-2.jpg\",\"contentUrl\":\"https:\\\/\\\/berghotel-rasis.at\\\/wp-content\\\/uploads\\\/2022\\\/11\\\/Berhotel-Rasis-Galtuer-Ischgl-Sommer-Hero-2.jpg\"},{\"@type\":\"BreadcrumbList\",\"@id\":\"https:\\\/\\\/berghotel-rasis.at\\\/en\\\/holidays-in-galtuer\\\/#breadcrumb\",\"itemListElement\":[{\"@type\":\"ListItem\",\"position\":1,\"name\":\"Startseite\",\"item\":\"https:\\\/\\\/berghotel-rasis.at\\\/en\\\/\"},{\"@type\":\"ListItem\",\"position\":2,\"name\":\"Holidays in Galt\u00fcr\"}]},{\"@type\":\"WebSite\",\"@id\":\"https:\\\/\\\/berghotel-rasis.at\\\/en\\\/#website\",\"url\":\"https:\\\/\\\/berghotel-rasis.at\\\/en\\\/\",\"name\":\"Berghotel Rasis\",\"description\":\"Hotel in Galt\u00fcr | Paznaun | Tirol\",\"publisher\":{\"@id\":\"https:\\\/\\\/berghotel-rasis.at\\\/en\\\/#organization\"},\"potentialAction\":[{\"@type\":\"SearchAction\",\"target\":{\"@type\":\"EntryPoint\",\"urlTemplate\":\"https:\\\/\\\/berghotel-rasis.at\\\/en\\\/?s={search_term_string}\"},\"query-input\":{\"@type\":\"PropertyValueSpecification\",\"valueRequired\":true,\"valueName\":\"search_term_string\"}}],\"inLanguage\":\"en-US\"},{\"@type\":\"Organization\",\"@id\":\"https:\\\/\\\/berghotel-rasis.at\\\/en\\\/#organization\",\"name\":\"Berghotel Rasis\",\"url\":\"https:\\\/\\\/berghotel-rasis.at\\\/en\\\/\",\"logo\":{\"@type\":\"ImageObject\",\"inLanguage\":\"en-US\",\"@id\":\"https:\\\/\\\/berghotel-rasis.at\\\/en\\\/#\\\/schema\\\/logo\\\/image\\\/\",\"url\":\"https:\\\/\\\/berghotel-rasis.at\\\/wp-content\\\/uploads\\\/2022\\\/11\\\/Berghotel-Rasis-Galtuer-Logo-gross.png\",\"contentUrl\":\"https:\\\/\\\/berghotel-rasis.at\\\/wp-content\\\/uploads\\\/2022\\\/11\\\/Berghotel-Rasis-Galtuer-Logo-gross.png\",\"width\":267,\"height\":166,\"caption\":\"Berghotel Rasis\"},\"image\":{\"@id\":\"https:\\\/\\\/berghotel-rasis.at\\\/en\\\/#\\\/schema\\\/logo\\\/image\\\/\"}}]}<\/script>\n<!-- \/ Yoast SEO plugin. -->","yoast_head_json":{"title":"Berghotel Rasis | Galt\u00fcr, Paznauntal, Tyrol | Your vacation resort","description":"Vacation in the climatic health resort Galt\u00fcr in the Paznaun valley near Ischgl. Hiking, skiing, nature & culture. Apr\u00e8s ski or total tranquility - everything is possible.","robots":{"index":"index","follow":"follow","max-snippet":"max-snippet:-1","max-image-preview":"max-image-preview:large","max-video-preview":"max-video-preview:-1"},"canonical":"https:\/\/berghotel-rasis.at\/en\/holidays-in-galtuer\/","og_locale":"en_US","og_type":"article","og_title":"Berghotel Rasis | Galt\u00fcr, Paznauntal, Tyrol | Your vacation resort","og_description":"Vacation in the climatic health resort Galt\u00fcr in the Paznaun valley near Ischgl. Hiking, skiing, nature & culture. Apr\u00e8s ski or total tranquility - everything is possible.","og_url":"https:\/\/berghotel-rasis.at\/en\/holidays-in-galtuer\/","og_site_name":"Berghotel Rasis","article_modified_time":"2026-04-13T12:55:50+00:00","og_image":[{"url":"https:\/\/berghotel-rasis.at\/wp-content\/uploads\/2022\/11\/Berhotel-Rasis-Galtuer-Ischgl-Sommer-Hero-2.jpg","type":"","width":"","height":""}],"twitter_card":"summary_large_image","schema":{"@context":"https:\/\/schema.org","@graph":[{"@type":"WebPage","@id":"https:\/\/berghotel-rasis.at\/en\/holidays-in-galtuer\/","url":"https:\/\/berghotel-rasis.at\/en\/holidays-in-galtuer\/","name":"Berghotel Rasis | Galt\u00fcr, Paznauntal, Tyrol | Your vacation resort","isPartOf":{"@id":"https:\/\/berghotel-rasis.at\/en\/#website"},"primaryImageOfPage":{"@id":"https:\/\/berghotel-rasis.at\/en\/holidays-in-galtuer\/#primaryimage"},"image":{"@id":"https:\/\/berghotel-rasis.at\/en\/holidays-in-galtuer\/#primaryimage"},"thumbnailUrl":"https:\/\/berghotel-rasis.at\/wp-content\/uploads\/2022\/11\/Berhotel-Rasis-Galtuer-Ischgl-Sommer-Hero-2.jpg","datePublished":"2022-11-15T07:46:12+00:00","dateModified":"2026-04-13T12:55:50+00:00","description":"Vacation in the climatic health resort Galt\u00fcr in the Paznaun valley near Ischgl. Hiking, skiing, nature & culture. Apr\u00e8s ski or total tranquility - everything is possible.","breadcrumb":{"@id":"https:\/\/berghotel-rasis.at\/en\/holidays-in-galtuer\/#breadcrumb"},"inLanguage":"en-US","potentialAction":[{"@type":"ReadAction","target":["https:\/\/berghotel-rasis.at\/en\/holidays-in-galtuer\/"]}]},{"@type":"ImageObject","inLanguage":"en-US","@id":"https:\/\/berghotel-rasis.at\/en\/holidays-in-galtuer\/#primaryimage","url":"https:\/\/berghotel-rasis.at\/wp-content\/uploads\/2022\/11\/Berhotel-Rasis-Galtuer-Ischgl-Sommer-Hero-2.jpg","contentUrl":"https:\/\/berghotel-rasis.at\/wp-content\/uploads\/2022\/11\/Berhotel-Rasis-Galtuer-Ischgl-Sommer-Hero-2.jpg"},{"@type":"BreadcrumbList","@id":"https:\/\/berghotel-rasis.at\/en\/holidays-in-galtuer\/#breadcrumb","itemListElement":[{"@type":"ListItem","position":1,"name":"Startseite","item":"https:\/\/berghotel-rasis.at\/en\/"},{"@type":"ListItem","position":2,"name":"Holidays in Galt\u00fcr"}]},{"@type":"WebSite","@id":"https:\/\/berghotel-rasis.at\/en\/#website","url":"https:\/\/berghotel-rasis.at\/en\/","name":"Berghotel Rasis","description":"Hotel in Galt\u00fcr | Paznaun | Tirol","publisher":{"@id":"https:\/\/berghotel-rasis.at\/en\/#organization"},"potentialAction":[{"@type":"SearchAction","target":{"@type":"EntryPoint","urlTemplate":"https:\/\/berghotel-rasis.at\/en\/?s={search_term_string}"},"query-input":{"@type":"PropertyValueSpecification","valueRequired":true,"valueName":"search_term_string"}}],"inLanguage":"en-US"},{"@type":"Organization","@id":"https:\/\/berghotel-rasis.at\/en\/#organization","name":"Berghotel Rasis","url":"https:\/\/berghotel-rasis.at\/en\/","logo":{"@type":"ImageObject","inLanguage":"en-US","@id":"https:\/\/berghotel-rasis.at\/en\/#\/schema\/logo\/image\/","url":"https:\/\/berghotel-rasis.at\/wp-content\/uploads\/2022\/11\/Berghotel-Rasis-Galtuer-Logo-gross.png","contentUrl":"https:\/\/berghotel-rasis.at\/wp-content\/uploads\/2022\/11\/Berghotel-Rasis-Galtuer-Logo-gross.png","width":267,"height":166,"caption":"Berghotel Rasis"},"image":{"@id":"https:\/\/berghotel-rasis.at\/en\/#\/schema\/logo\/image\/"}}]}},"_links":{"self":[{"href":"https:\/\/berghotel-rasis.at\/en\/wp-json\/wp\/v2\/pages\/4009","targetHints":{"allow":["GET"]}}],"collection":[{"href":"https:\/\/berghotel-rasis.at\/en\/wp-json\/wp\/v2\/pages"}],"about":[{"href":"https:\/\/berghotel-rasis.at\/en\/wp-json\/wp\/v2\/types\/page"}],"author":[{"embeddable":true,"href":"https:\/\/berghotel-rasis.at\/en\/wp-json\/wp\/v2\/users\/1"}],"replies":[{"embeddable":true,"href":"https:\/\/berghotel-rasis.at\/en\/wp-json\/wp\/v2\/comments?post=4009"}],"version-history":[{"count":4,"href":"https:\/\/berghotel-rasis.at\/en\/wp-json\/wp\/v2\/pages\/4009\/revisions"}],"predecessor-version":[{"id":5838,"href":"https:\/\/berghotel-rasis.at\/en\/wp-json\/wp\/v2\/pages\/4009\/revisions\/5838"}],"wp:attachment":[{"href":"https:\/\/berghotel-rasis.at\/en\/wp-json\/wp\/v2\/media?parent=4009"}],"curies":[{"name":"wp","href":"https:\/\/api.w.org\/{rel}","templated":true}]}}